{"id":2,"date":"2021-04-06T12:39:26","date_gmt":"2021-04-06T12:39:26","guid":{"rendered":"https:\/\/www.irdk.dk\/blog\/?page_id=2"},"modified":"2024-04-24T15:35:29","modified_gmt":"2024-04-24T13:35:29","slug":"telegram-guide","status":"publish","type":"page","link":"https:\/\/www.irdk.dk\/blog\/?page_id=2","title":{"rendered":"Ops\u00e6tning af telegram"},"content":{"rendered":"\r\n<p>Start med at finde settings.<\/p>\r\n\r\n\r\n\r\n<p>Eksemplet her er fra iPhone klienten, s\u00e5 den kan ligge et andet sted p\u00e5 de andre klienter<\/p>\r\n\r\n\r\n\r\n<p>N\u00e5r settings er fundet, burde du se en sk\u00e6rm der ligner dette eksempel..<\/p>\r\n\r\n\r\n\r\n<figure class=\"wp-block-image size-large\"><img loading=\"lazy\" decoding=\"async\" width=\"320\" height=\"568\" class=\"wp-image-44\" src=\"https:\/\/www.irdk.dk\/blog\/wp-content\/uploads\/2021\/04\/tg_guide_1.png\" alt=\"\" srcset=\"https:\/\/www.irdk.dk\/blog\/wp-content\/uploads\/2021\/04\/tg_guide_1.png 320w, https:\/\/www.irdk.dk\/blog\/wp-content\/uploads\/2021\/04\/tg_guide_1-169x300.png 169w\" sizes=\"auto, (max-width: 320px) 100vw, 320px\" \/><\/figure>\r\n\r\n\r\n\r\n<p>Her v\u00e6lger du edit<\/p>\r\n\r\n\r\n\r\n<p>N\u00e5r du har valgt edit, trykker du p\u00e5 username<\/p>\r\n\r\n\r\n\r\n<figure class=\"wp-block-image size-large\"><img loading=\"lazy\" decoding=\"async\" width=\"320\" height=\"568\" class=\"wp-image-45\" src=\"https:\/\/www.irdk.dk\/blog\/wp-content\/uploads\/2021\/04\/tg_guide_2.png\" alt=\"\" srcset=\"https:\/\/www.irdk.dk\/blog\/wp-content\/uploads\/2021\/04\/tg_guide_2.png 320w, https:\/\/www.irdk.dk\/blog\/wp-content\/uploads\/2021\/04\/tg_guide_2-169x300.png 169w\" sizes=\"auto, (max-width: 320px) 100vw, 320px\" \/><\/figure>\r\n\r\n\r\n\r\n<p>Det anbefales at bruge dit Ingress scanner agentnavn (Ogs\u00e5 kendt som IGN, In Game Name), hvis du ikke benytter Telegram til andet<\/p>\r\n\r\n\r\n\r\n<p>Det kan ogs\u00e5 v\u00e6re en god id\u00e9 at tilf\u00f8je dit IGN i parantes efter dit efternavn s\u00e5 folk kan se hvad du hedder i Ingress, uden at skulle checke din telegram profil, eller hvis du har valgt et andet telegram username end i Ingress<\/p>\r\n","protected":false},"excerpt":{"rendered":"<p>Start med at finde settings. Eksemplet her er fra iPhone klienten, s\u00e5 den kan ligge et andet sted p\u00e5 de andre klienter N\u00e5r settings er fundet, burde du se en sk\u00e6rm der ligner dette eksempel.. Her v\u00e6lger du edit N\u00e5r du har valgt edit, trykker du p\u00e5 username Det anbefales at bruge dit Ingress scanner&hellip; <a class=\"more-link\" href=\"https:\/\/www.irdk.dk\/blog\/?page_id=2\">Continue reading <span class=\"screen-reader-text\">Ops\u00e6tning af telegram<\/span><\/a><\/p>\n","protected":false},"author":1,"featured_media":0,"parent":0,"menu_order":0,"comment_status":"closed","ping_status":"open","template":"","meta":{"footnotes":""},"class_list":["post-2","page","type-page","status-publish","hentry","entry"],"_links":{"self":[{"href":"https:\/\/www.irdk.dk\/blog\/index.php?rest_route=\/wp\/v2\/pages\/2","targetHints":{"allow":["GET"]}}],"collection":[{"href":"https:\/\/www.irdk.dk\/blog\/index.php?rest_route=\/wp\/v2\/pages"}],"about":[{"href":"https:\/\/www.irdk.dk\/blog\/index.php?rest_route=\/wp\/v2\/types\/page"}],"author":[{"embeddable":true,"href":"https:\/\/www.irdk.dk\/blog\/index.php?rest_route=\/wp\/v2\/users\/1"}],"replies":[{"embeddable":true,"href":"https:\/\/www.irdk.dk\/blog\/index.php?rest_route=%2Fwp%2Fv2%2Fcomments&post=2"}],"version-history":[{"count":2,"href":"https:\/\/www.irdk.dk\/blog\/index.php?rest_route=\/wp\/v2\/pages\/2\/revisions"}],"predecessor-version":[{"id":193,"href":"https:\/\/www.irdk.dk\/blog\/index.php?rest_route=\/wp\/v2\/pages\/2\/revisions\/193"}],"wp:attachment":[{"href":"https:\/\/www.irdk.dk\/blog\/index.php?rest_route=%2Fwp%2Fv2%2Fmedia&parent=2"}],"curies":[{"name":"wp","href":"https:\/\/api.w.org\/{rel}","templated":true}]}}