{"id":5,"date":"2021-04-06T12:42:39","date_gmt":"2021-04-06T12:42:39","guid":{"rendered":"https:\/\/www.irdk.dk\/blog\/?page_id=5"},"modified":"2024-04-24T15:38:18","modified_gmt":"2024-04-24T13:38:18","slug":"create-your-website-with-blocks","status":"publish","type":"page","link":"https:\/\/www.irdk.dk\/blog\/","title":{"rendered":"Velkommen til IRDK"},"content":{"rendered":"\r\n<h1 class=\"wp-block-heading\">Ingress<\/h1>\r\n\r\n\r\n\r\n<p><a href=\"http:\/\/www.ingress.com\/\">Ingress<\/a> er et strategispil, som er sjovest n\u00e5r man spiller sammen med andre. Som del af IRDK f\u00e6llesskabet kan man nemt komme i kontakt med andre Resistance spillere, f\u00e5 hj\u00e6lp med spillet, og v\u00e6re med til sociale arrangementer og koordinerede operationer..<\/p>\r\n\r\n\r\n\r\n<figure class=\"wp-block-image size-large\"><img loading=\"lazy\" decoding=\"async\" width=\"200\" height=\"200\" class=\"wp-image-39\" src=\"https:\/\/www.irdk.dk\/blog\/wp-content\/uploads\/2021\/04\/ingress_sm.png\" alt=\"\" srcset=\"https:\/\/www.irdk.dk\/blog\/wp-content\/uploads\/2021\/04\/ingress_sm.png 200w, https:\/\/www.irdk.dk\/blog\/wp-content\/uploads\/2021\/04\/ingress_sm-150x150.png 150w\" sizes=\"auto, (max-width: 200px) 100vw, 200px\" \/><\/figure>\r\n\r\n\r\n\r\n<h1 class=\"wp-block-heading\">Telegram<\/h1>\r\n\r\n\r\n\r\n<p>For at holde kontakt med hinanden, bruger vi i Resistance Danmark mest\u00a0<a href=\"https:\/\/telegram.org\/\">Telegram<\/a> besked app&#8217;en.<\/p>\r\n\r\n\r\n\r\n<figure class=\"wp-block-image size-large\"><img loading=\"lazy\" decoding=\"async\" width=\"200\" height=\"200\" class=\"wp-image-40\" src=\"https:\/\/www.irdk.dk\/blog\/wp-content\/uploads\/2021\/04\/telegram_sm.png\" alt=\"\" srcset=\"https:\/\/www.irdk.dk\/blog\/wp-content\/uploads\/2021\/04\/telegram_sm.png 200w, https:\/\/www.irdk.dk\/blog\/wp-content\/uploads\/2021\/04\/telegram_sm-150x150.png 150w\" sizes=\"auto, (max-width: 200px) 100vw, 200px\" \/><\/figure>\r\n\r\n\r\n\r\n<p>Hvis du ikke allerede bruger Telegram, kan det nemt installeres p\u00e5\u00a0<a href=\"https:\/\/telegram.org\/dl\/android\">Android<\/a>,\u00a0<a href=\"https:\/\/telegram.org\/dl\/ios\">iOs<\/a>\u00a0og\u00a0<a href=\"https:\/\/telegram.org\/apps\">andre platforme<\/a>.<\/p>\r\n\r\n\r\n\r\n<p>N\u00e5r du har hentet Telegram, er det en fordel at s\u00e6tte b\u00e5de dit navn og dit Telegram username, ellers har vi sv\u00e6rt ved efterf\u00f8lgende at tilf\u00f8je dig til andre grupper. Du kan benytte nedenst\u00e5ende link for en guide til dette:<\/p>\r\n\r\n\r\n\r\n<div class=\"wp-block-buttons is-layout-flex wp-block-buttons-is-layout-flex\">\r\n<div id=\"telegramguide\" class=\"wp-block-button\"><a class=\"wp-block-button__link\" href=\"https:\/\/www.irdk.dk\/blog\/?page_id=2\">Guide til ops\u00e6tning af telegram<\/a><\/div>\r\n<\/div>\r\n\r\n\r\n\r\n<h1 class=\"wp-block-heading\">Kom med!<\/h1>\r\n\r\n\r\n\r\n<p>Derefter kan du bruge nedenst\u00e5ende join link for at komme med i IRDK velkomst gruppen.<\/p>\r\n\r\n\r\n\r\n<p>Der kan du m\u00f8de agenter fra hele landet, som kan hj\u00e6lpe dig videre med at f\u00e5 kontakter i dit omr\u00e5de.<\/p>\r\n\r\n\r\n\r\n<figure class=\"wp-block-image size-large\"><img loading=\"lazy\" decoding=\"async\" width=\"150\" height=\"200\" class=\"wp-image-41\" src=\"https:\/\/www.irdk.dk\/blog\/wp-content\/uploads\/2021\/04\/resistance.png\" alt=\"\" \/><\/figure>\r\n\r\n\r\n\r\n<div class=\"wp-block-buttons is-layout-flex wp-block-buttons-is-layout-flex\">\r\n<div class=\"wp-block-button\"><a class=\"wp-block-button__link\" href=\"https:\/\/t.me\/joinchat\/DB2aHk6qltdCWQUCv6jYZg\" target=\"_blank\" rel=\"noreferrer noopener\">JOIN IRDK P\u00c5 TELEGRAM<\/a><\/div>\r\n<\/div>\r\n\r\n\r\n<hr class=\"wp-block-separator\" \/>\r\n\r\n\r\n<h1 class=\"wp-block-heading\">Nyheder<\/h1>\r\n\r\n\r\n\r\n<p>Og i mellemtiden kan du f\u00f8lge med i IRDK&#8217;s bedrifter ved at l\u00e6se vores <a href=\"https:\/\/www.irdk.dk\/blog\/?page_id=8\" data-type=\"page\" data-id=\"8\">Nyheder<\/a><\/p>\r\n\r\n\r\n\r\n<h1 class=\"wp-block-heading\">Links<\/h1>\r\n\r\n\r\n\r\n<p>Vi vedligeholder en liste af INGRESS relaterede <a href=\"https:\/\/www.irdk.dk\/blog\/?page_id=64\" data-type=\"page\" data-id=\"64\">links<\/a>, der m\u00e5ske kan g\u00f8re dig klogere som Resistance agent<\/p>\r\n\r\n\r\n\r\n<div class=\"wp-block-columns alignwide are-vertically-aligned-center is-style-twentytwentyone-columns-overlap is-layout-flex wp-container-core-columns-is-layout-9d6595d7 wp-block-columns-is-layout-flex\">\r\n<div class=\"wp-block-column is-vertically-aligned-center is-layout-flow wp-block-column-is-layout-flow\">\u00a0<\/div>\r\n<\/div>\r\n\r\n\r\n\r\n<p>&nbsp;<\/p>\r\n","protected":false},"excerpt":{"rendered":"<p>Ingress Ingress er et strategispil, som er sjovest n\u00e5r man spiller sammen med andre. Som del af IRDK f\u00e6llesskabet kan man nemt komme i kontakt med andre Resistance spillere, f\u00e5 hj\u00e6lp med spillet, og v\u00e6re med til sociale arrangementer og koordinerede operationer.. Telegram For at holde kontakt med hinanden, bruger vi i Resistance Danmark mest\u00a0Telegram&hellip; <a class=\"more-link\" href=\"https:\/\/www.irdk.dk\/blog\/\">Continue reading <span class=\"screen-reader-text\">Velkommen til IRDK<\/span><\/a><\/p>\n","protected":false},"author":1,"featured_media":0,"parent":0,"menu_order":0,"comment_status":"closed","ping_status":"closed","template":"","meta":{"footnotes":""},"class_list":["post-5","page","type-page","status-publish","hentry","entry"],"_links":{"self":[{"href":"https:\/\/www.irdk.dk\/blog\/index.php?rest_route=\/wp\/v2\/pages\/5","targetHints":{"allow":["GET"]}}],"collection":[{"href":"https:\/\/www.irdk.dk\/blog\/index.php?rest_route=\/wp\/v2\/pages"}],"about":[{"href":"https:\/\/www.irdk.dk\/blog\/index.php?rest_route=\/wp\/v2\/types\/page"}],"author":[{"embeddable":true,"href":"https:\/\/www.irdk.dk\/blog\/index.php?rest_route=\/wp\/v2\/users\/1"}],"replies":[{"embeddable":true,"href":"https:\/\/www.irdk.dk\/blog\/index.php?rest_route=%2Fwp%2Fv2%2Fcomments&post=5"}],"version-history":[{"count":15,"href":"https:\/\/www.irdk.dk\/blog\/index.php?rest_route=\/wp\/v2\/pages\/5\/revisions"}],"predecessor-version":[{"id":195,"href":"https:\/\/www.irdk.dk\/blog\/index.php?rest_route=\/wp\/v2\/pages\/5\/revisions\/195"}],"wp:attachment":[{"href":"https:\/\/www.irdk.dk\/blog\/index.php?rest_route=%2Fwp%2Fv2%2Fmedia&parent=5"}],"curies":[{"name":"wp","href":"https:\/\/api.w.org\/{rel}","templated":true}]}}