{"id":64,"date":"2021-04-07T10:28:34","date_gmt":"2021-04-07T08:28:34","guid":{"rendered":"https:\/\/www.irdk.dk\/blog\/?page_id=64"},"modified":"2021-05-06T16:26:42","modified_gmt":"2021-05-06T14:26:42","slug":"links","status":"publish","type":"page","link":"https:\/\/www.irdk.dk\/blog\/?page_id=64","title":{"rendered":"Links"},"content":{"rendered":"\n<p>Her vedligeholdes en liste over links til relevante steder for IRDK agenter<\/p>\n\n\n\n<p><a href=\"https:\/\/www.smurfling.guide\/home\/english\">Smurfling Guides<\/a> &#8211; en super guide til nye agenter &#8211; og der er ganske sikkert ogs\u00e5 ting som selv mere erfarne agenter kan bruge<\/p>\n\n\n\n<p><a href=\"https:\/\/intel.ingress.com\/?ll=56.214341,10.04425&amp;z=8\">Ingress intel<\/a> &#8211; Kortet der viser hvordan det g\u00e5r i INGRESS. Se og planl\u00e6g din rejse ind i INGRESS<\/p>\n\n\n\n<p>&#8230; osv<\/p>\n","protected":false},"excerpt":{"rendered":"<p>Her vedligeholdes en liste over links til relevante steder for IRDK agenter Smurfling Guides &#8211; en super guide til nye agenter &#8211; og der er ganske sikkert ogs\u00e5 ting som selv mere erfarne agenter kan bruge Ingress intel &#8211; Kortet der viser hvordan det g\u00e5r i INGRESS. Se og planl\u00e6g din rejse ind i INGRESS&hellip; <a class=\"more-link\" href=\"https:\/\/www.irdk.dk\/blog\/?page_id=64\">Continue reading <span class=\"screen-reader-text\">Links<\/span><\/a><\/p>\n","protected":false},"author":1,"featured_media":0,"parent":0,"menu_order":0,"comment_status":"closed","ping_status":"closed","template":"","meta":{"footnotes":""},"class_list":["post-64","page","type-page","status-publish","hentry","entry"],"_links":{"self":[{"href":"https:\/\/www.irdk.dk\/blog\/index.php?rest_route=\/wp\/v2\/pages\/64","targetHints":{"allow":["GET"]}}],"collection":[{"href":"https:\/\/www.irdk.dk\/blog\/index.php?rest_route=\/wp\/v2\/pages"}],"about":[{"href":"https:\/\/www.irdk.dk\/blog\/index.php?rest_route=\/wp\/v2\/types\/page"}],"author":[{"embeddable":true,"href":"https:\/\/www.irdk.dk\/blog\/index.php?rest_route=\/wp\/v2\/users\/1"}],"replies":[{"embeddable":true,"href":"https:\/\/www.irdk.dk\/blog\/index.php?rest_route=%2Fwp%2Fv2%2Fcomments&post=64"}],"version-history":[{"count":2,"href":"https:\/\/www.irdk.dk\/blog\/index.php?rest_route=\/wp\/v2\/pages\/64\/revisions"}],"predecessor-version":[{"id":120,"href":"https:\/\/www.irdk.dk\/blog\/index.php?rest_route=\/wp\/v2\/pages\/64\/revisions\/120"}],"wp:attachment":[{"href":"https:\/\/www.irdk.dk\/blog\/index.php?rest_route=%2Fwp%2Fv2%2Fmedia&parent=64"}],"curies":[{"name":"wp","href":"https:\/\/api.w.org\/{rel}","templated":true}]}}